{"id":107,"date":"2021-06-17T08:21:48","date_gmt":"2021-06-17T08:21:48","guid":{"rendered":"https:\/\/villaarriba.com\/wordpress\/?page_id=107"},"modified":"2021-06-17T08:21:48","modified_gmt":"2021-06-17T08:21:48","slug":"consultas","status":"publish","type":"page","link":"https:\/\/villaarriba.com\/wordpress\/consultas\/","title":{"rendered":"Consultas"},"content":{"rendered":"<div role=\"form\" class=\"wpcf7\" id=\"wpcf7-f4-o1\" lang=\"es-ES\" dir=\"ltr\">\n<div class=\"screen-reader-response\"><p role=\"status\" aria-live=\"polite\" aria-atomic=\"true\"><\/p> <ul><\/ul><\/div>\n<form action=\"\/wordpress\/wp-json\/wp\/v2\/pages\/107#wpcf7-f4-o1\" method=\"post\" class=\"wpcf7-form init\" novalidate=\"novalidate\" data-status=\"init\">\n<div style=\"display: none;\">\n<input type=\"hidden\" name=\"_wpcf7\" value=\"4\" \/>\n<input type=\"hidden\" name=\"_wpcf7_version\" value=\"5.4.2\" \/>\n<input type=\"hidden\" name=\"_wpcf7_locale\" value=\"es_ES\" \/>\n<input type=\"hidden\" name=\"_wpcf7_unit_tag\" value=\"wpcf7-f4-o1\" \/>\n<input type=\"hidden\" name=\"_wpcf7_container_post\" value=\"0\" \/>\n<input type=\"hidden\" name=\"_wpcf7_posted_data_hash\" value=\"\" \/>\n<\/div>\n<p><span class=\"wpcf7-form-control-wrap your-name\"><input type=\"text\" name=\"your-name\" value=\"\" size=\"40\" class=\"wpcf7-form-control wpcf7-text wpcf7-validates-as-required\" aria-required=\"true\" aria-invalid=\"false\" placeholder=\"Nombre\" \/><\/span> <span class=\"wpcf7-form-control-wrap apellidos\"><input type=\"text\" name=\"apellidos\" value=\"\" size=\"40\" class=\"wpcf7-form-control wpcf7-text wpcf7-validates-as-required\" aria-required=\"true\" aria-invalid=\"false\" placeholder=\"Apellidos\" \/><\/span><\/p>\n<p><span class=\"wpcf7-form-control-wrap telefono\"><input type=\"tel\" name=\"telefono\" value=\"\" size=\"40\" class=\"wpcf7-form-control wpcf7-text wpcf7-tel wpcf7-validates-as-tel\" aria-invalid=\"false\" placeholder=\"Tel\u00e9fono (m\u00f3vil)\" \/><\/span> <span class=\"wpcf7-form-control-wrap your-email\"><input type=\"email\" name=\"your-email\" value=\"\" size=\"40\" class=\"wpcf7-form-control wpcf7-text wpcf7-email wpcf7-validates-as-required wpcf7-validates-as-email\" aria-required=\"true\" aria-invalid=\"false\" placeholder=\"Tu correo electr\u00f3nico\" \/><\/span><\/p>\n<p><b><font color=\"#0000FF\" size=\"5\">CONSULTA<\/font><\/b><\/p>\n<p><span class=\"wpcf7-form-control-wrap consulta\"><textarea name=\"consulta\" cols=\"80\" rows=\"10\" class=\"wpcf7-form-control wpcf7-textarea wpcf7-validates-as-required\" aria-required=\"true\" aria-invalid=\"false\" placeholder=\"Exponga su conculta\"><\/textarea><\/span><\/p>\n<p><span class=\"wpcf7-form-control-wrap rgpd\"><span class=\"wpcf7-form-control wpcf7-acceptance optional\"><span class=\"wpcf7-list-item\"><label><input type=\"checkbox\" name=\"rgpd\" value=\"1\" aria-invalid=\"false\" \/><span class=\"wpcf7-list-item-label\">Acepto la <a target=\"_blank\" rel=\"nofollow\" href=\"https:\/\/villaarriba.com\/wordpress\/aviso-legal\/\">pol\u00edtica de privacidad<\/a><\/span><\/label><\/span><\/span><\/span><\/p>\n<p>[anr_nocaptcha g-recaptcha-response]<\/p>\n<p><input type=\"submit\" value=\"ENVIAR\" class=\"wpcf7-form-control wpcf7-submit\" \/><\/p>\n<p align=\"center\"><b><font color=\"#0000FF\" size=\"6\">PROTECCI\u00d3N DE DATOS<\/font><\/b><\/p>\n<p align=\"justify\"><b> En aplicaci\u00f3n de la Ley Org\u00e1nica 15\/1999 de 13 de diciembre, de protecci\u00f3n de datos de car\u00e1cter personal, y de la Ley 34\/2002, de 11 de Julio, de Servicios de la Sociedad de la Informaci\u00f3n y de Comercio Electr\u00f3nico, la Comunidad de Regantes de Pliego informa de lo siguiente:<br \/>\n1.- Los datos proporcionados a trav\u00e9s del presente formulario, ser\u00e1n incorporados a una base de datos creada para poder atender adecuadamente las gestiones, solicitudes e informaci\u00f3n propias de esta Corporaci\u00f3n. Ninguno de estos datos ser\u00e1 empleado para prop\u00f3sito diferente del indicado ni ser\u00e1n vendidos, cedidos o transmitidos en forma alguna. En cualquier formulario empleado para recabar datos, solamente es obligatorio rellenar aquellos datos m\u00ednimos para el correcto funcionamiento del servicio en cuesti\u00f3n (*). Si cualesquiera de los datos obligatorios no son rellenados, el sistema correspondiente no aceptar\u00e1 el registro del resto de los datos del formulario ni los almacenar\u00e1 en forma alguna.<br \/>\n2.- Los ficheros que contienen datos de car\u00e1cter personal han sido debidamente comunicados e inscritos en la Agencia Espa\u00f1ola de Protecci\u00f3n de Datos.<br \/>\n3.- Los datos personales almacenados en los servidores se encuentran protegidos mediante cortafuegos y otras medidas de seguridad, de manera que su acceso por personas no autorizadas no sea posible. Permanentemente se trata de implantar nuevas medidas de seguridad que protejan los datos de nuestros usuarios. Sin embargo, el usuario debe saber que, a pesar de todos los esfuerzos por proteger los datos, ning\u00fan sistema es inexpugnable al 100% y puede ser susceptible de ataques por parte de terceros.<br \/>\n4.- En algunos casos este sistema puede emplear cookies a la hora de facilitar a los usuarios el empleo de los servicios. Las cookies no suponen identificaci\u00f3n de usuario, sino identificaci\u00f3n de un ordenador a trav\u00e9s del navegador que accede a los distintos servicios.<\/p>\n<div class=\"wpcf7-response-output\" aria-hidden=\"true\"><\/div><\/form><\/div>\n","protected":false},"excerpt":{"rendered":"","protected":false},"author":1,"featured_media":0,"parent":0,"menu_order":0,"comment_status":"closed","ping_status":"closed","template":"","meta":{"footnotes":""},"class_list":["post-107","page","type-page","status-publish","hentry"],"_links":{"self":[{"href":"https:\/\/villaarriba.com\/wordpress\/wp-json\/wp\/v2\/pages\/107","targetHints":{"allow":["GET"]}}],"collection":[{"href":"https:\/\/villaarriba.com\/wordpress\/wp-json\/wp\/v2\/pages"}],"about":[{"href":"https:\/\/villaarriba.com\/wordpress\/wp-json\/wp\/v2\/types\/page"}],"author":[{"embeddable":true,"href":"https:\/\/villaarriba.com\/wordpress\/wp-json\/wp\/v2\/users\/1"}],"replies":[{"embeddable":true,"href":"https:\/\/villaarriba.com\/wordpress\/wp-json\/wp\/v2\/comments?post=107"}],"version-history":[{"count":1,"href":"https:\/\/villaarriba.com\/wordpress\/wp-json\/wp\/v2\/pages\/107\/revisions"}],"predecessor-version":[{"id":108,"href":"https:\/\/villaarriba.com\/wordpress\/wp-json\/wp\/v2\/pages\/107\/revisions\/108"}],"wp:attachment":[{"href":"https:\/\/villaarriba.com\/wordpress\/wp-json\/wp\/v2\/media?parent=107"}],"curies":[{"name":"wp","href":"https:\/\/api.w.org\/{rel}","templated":true}]}}