{"id":54,"date":"2021-06-16T08:27:08","date_gmt":"2021-06-16T08:27:08","guid":{"rendered":"https:\/\/villaarriba.com\/wordpress\/?page_id=54"},"modified":"2021-06-20T09:37:37","modified_gmt":"2021-06-20T09:37:37","slug":"54-2","status":"publish","type":"page","link":"https:\/\/villaarriba.com\/wordpress\/54-2\/","title":{"rendered":"Lugares de inter\u00e9s"},"content":{"rendered":"<p>Aunque la propia Casa Villa Arriba y su entorno dan opci\u00f3n a pasar unos d\u00edas entretenidos y con poco aburrimiento, disfrutando de la huerta a trav\u00e9s de rutas de senderismo (el r\u00edo Pliego, los cabecicos, el pantano de Pliego), por estar situada estrat\u00e9gicamente en el centro geogr\u00e1fico de la Regi\u00f3n de Murcia puede realizar distintos itinerarios tur\u00edsticos para conocer nuestra regi\u00f3n y nuestra gastronom\u00eda:<\/p>\n<p>Pasear por el propio municipio de Pliego, por sus calles estrechas y empinadas, visitar su iglesia del siglo XVI, su calle del agua, su museo almazara, su ermita, su castillo, etc.<\/p>\n<p>Visitar Mula (cabecera de comarca a 6 km.), su casco antiguo declarado Conjunto Hist\u00f3rico de Car\u00e1cter Nacional, su museos, Cigarralejo y Casa Pintada, su castillo, ect.<br>\nTodos los s\u00e1bados no festivos se realiza el mercado tradicional y el segundo domingo de cada mes se realiza un mercadillo artesanal.<\/p>\n<p>Disfrutar del Parque Natural de Sierra Espu\u00f1a con algo m\u00e1s de 25000 ha., a trav\u00e9s de dos posibles rutas, por el Berro o por Aledo-Totana.<\/p>\n<p>Visitar Murcia, capital de la Comunidad Aut\u00f3noma (veinte minutos en coche), ciudad milenaria, mediterr\u00e1nea y hospitalaria&nbsp; que invita a perderse por sus rec\u00f3nditas calles, siendo imprescindible visitar su catedral, casino, sus museos sus jardines, etc.<\/p>\n<p>Gozar del Noroeste murciano y el r\u00edo Segura visitando Bullas con su museo del vino y sus bodegas, Caravaca de la Cruz con su castillo, Ceheg\u00edn con su casco antiguo o el Santuario de la Esperanza en Calasparra.<br>\nEn Bullas el primer domingo de cada mes celebra el mercadillo artesanal y Ceheg\u00edn lo celebra el \u00faltimo domingo de cada mes.<\/p>\n<p>Ir a la playa de Mazarr\u00f3n o del Mar Menor y darse un chapuz\u00f3n en el mar Mediterr\u00e1neo.<\/p>\n\n\n<h4 class=\"has-text-align-center wp-block-heading\">D\u00f3nde comer en Pliego<\/h4>\n\n\n\n<figure class=\"wp-block-table\"><table><tbody><tr><td><strong><a rel=\"noreferrer noopener\" href=\"https:\/\/es-es.facebook.com\/LosEscudosTeCuidan\/\" target=\"_blank\">Restaurante los Escudos<\/a><\/strong><br><a rel=\"noreferrer noopener\" href=\"https:\/\/www.google.com\/url?sa=D&amp;oi=plus&amp;q=https:\/\/maps.google.es\/maps?expflags%3Denable_star_based_justifications:true%26ie%3DUTF8%26cid%3D5867054983467695671%26q%3DRestaurante%2Blos%2BEscudos%26iwloc%3DA%26gl%3DES%26hl%3Des\" target=\"_blank\">Calle de los Pasos, 6&nbsp;<\/a>               <br>968 66 65 05<\/td><td class=\"has-text-align-left\" data-align=\"left\">&nbsp;<strong><a rel=\"noreferrer noopener\" href=\"https:\/\/www.facebook.com\/pages\/category\/Tapas-Bar---Restaurant\/Bar-Obrero-Pliego-421402381924637\/\" target=\"_blank\">Bar Obrero<\/a><\/strong><br>Calle Cooperativa, 2        <br>&nbsp;<a href=\"https:\/\/www.google.com\/search?q=bar+obrero+en+Pliego&amp;sxsrf=ALeKk013nDQulKHhrAHrL40egXlGjcfm8w%3A1624180493785&amp;source=hp&amp;ei=DQfPYJq6LZOagQb4haGYCQ&amp;iflsig=AINFCbYAAAAAYM8VHZMqy3ZJWasIkkHpr7mmJoaABduG&amp;oq=bar+obrero+en+Pliego&amp;gs_lcp=Cgdnd3Mtd2l6EAMyBggAEBYQHjoHCCMQ6gIQJzoNCC4QxwEQrwEQ6gIQJzoECCMQJzoKCC4QxwEQrwEQJzoLCC4QsQMQxwEQowI6CAgAELEDEIMBOgsILhCxAxDHARCvAToOCC4QsQMQgwEQxwEQowI6AggAOgIILjoFCC4QsQM6CAguELEDEIMBOg0ILhDHARCvARAnEJMCOggILhDHARCvAToLCC4QxwEQrwEQkwI6AggmULIWWOY4YKo_aAFwAHgBgAGSAYgByw-SAQQxNC42mAEAoAEBqgEHZ3dzLXdperABCg&amp;sclient=gws-wiz&amp;ved=0ahUKEwja9IXr76XxAhUTTcAKHfhCCJMQ4dUDCAk&amp;uact=5#\">680 68 15 30<\/a><\/td><\/tr><tr><td><strong><a rel=\"noreferrer noopener\" href=\"https:\/\/es-la.facebook.com\/CafeBar-Valle-Espu%C3%B1a-732344996847842\/?rf=280829921958117\" target=\"_blank\">Bar Valle Espu\u00f1a<\/a><\/strong><br>Avda. de Lorca, 31<br><a href=\"https:\/\/www.google.com\/search?q=bar+valle+espu%C3%B1a+pliego&amp;sxsrf=ALeKk02UbRbB1C4kUtzGEv1UW_NqNfGnQw%3A1624180758763&amp;ei=FgjPYMiPLoTolwTOlavoDw&amp;oq=bar+Valle+espu%C3%B1a&amp;gs_lcp=Cgdnd3Mtd2l6EAEYADIFCCEQoAE6EAguEMcBEK8BELADECcQkwI6BwgAEEcQsAM6BAgjECc6DgguELEDEIMBEMcBEKMCOgsILhCxAxDHARCjAjoICAAQsQMQgwE6AggAOgoILhDHARCvARBDOgQIABBDOgoILhDHARCvARAnOg0ILhCHAhDHARCvARAUOgcILhCxAxBDOgcIABCxAxBDOggILhDHARCvAToLCC4QxwEQrwEQkwI6BQgAEMkDOgYIABAWEB46BwghEAoQoAFQjW5YsZkBYIuoAWgBcAJ4AIAB6AGIAdMQkgEGNC4xMi4xmAEAoAEBqgEHZ3dzLXdpesgBBcABAQ&amp;sclient=gws-wiz#\">868 08 72 18<\/a><\/td><td class=\"has-text-align-left\" data-align=\"left\"><a rel=\"noreferrer noopener\" href=\"https:\/\/teveoenmurcia.com\/la-terraza-del-bar-casino-de-pliego\/\" target=\"_blank\"><strong>Bar El Casino<\/strong><\/a><br>Plaza Mayor<br>639 98 40 06<\/td><\/tr><\/tbody><\/table><\/figure>\n\n\n\n<h4 class=\"has-text-align-center wp-block-heading\"><a href=\"https:\/\/pliego.org\/fiestas-y-tradiciones\/\" target=\"_blank\" rel=\"noreferrer noopener\">Fiestas y tradiciones<\/a><\/h4>\n\n\n\n<h4 class=\"has-text-align-center wp-block-heading\"><a href=\"https:\/\/pliego.org\/actualidad\/visitas-guiadas-en-la-almoloya\/\" target=\"_blank\" rel=\"noreferrer noopener\">Visita guiada al yacimiento arg\u00e1rico de la Almoloya<\/a><\/h4>\n","protected":false},"excerpt":{"rendered":"<p>Aunque la propia Casa Villa Arriba y su entorno dan opci\u00f3n a pasar unos d\u00edas entretenidos y con poco aburrimiento, disfrutando de la huerta a trav\u00e9s de rutas de senderismo (el r\u00edo Pliego, los cabecicos, el pantano de Pliego), por estar situada estrat\u00e9gicamente en el centro geogr\u00e1fico de la Regi\u00f3n &hellip;<\/p>\n","protected":false},"author":1,"featured_media":0,"parent":0,"menu_order":0,"comment_status":"closed","ping_status":"closed","template":"","meta":{"footnotes":""},"class_list":["post-54","page","type-page","status-publish","hentry"],"_links":{"self":[{"href":"https:\/\/villaarriba.com\/wordpress\/wp-json\/wp\/v2\/pages\/54","targetHints":{"allow":["GET"]}}],"collection":[{"href":"https:\/\/villaarriba.com\/wordpress\/wp-json\/wp\/v2\/pages"}],"about":[{"href":"https:\/\/villaarriba.com\/wordpress\/wp-json\/wp\/v2\/types\/page"}],"author":[{"embeddable":true,"href":"https:\/\/villaarriba.com\/wordpress\/wp-json\/wp\/v2\/users\/1"}],"replies":[{"embeddable":true,"href":"https:\/\/villaarriba.com\/wordpress\/wp-json\/wp\/v2\/comments?post=54"}],"version-history":[{"count":4,"href":"https:\/\/villaarriba.com\/wordpress\/wp-json\/wp\/v2\/pages\/54\/revisions"}],"predecessor-version":[{"id":185,"href":"https:\/\/villaarriba.com\/wordpress\/wp-json\/wp\/v2\/pages\/54\/revisions\/185"}],"wp:attachment":[{"href":"https:\/\/villaarriba.com\/wordpress\/wp-json\/wp\/v2\/media?parent=54"}],"curies":[{"name":"wp","href":"https:\/\/api.w.org\/{rel}","templated":true}]}}